{"id":3110,"date":"2024-10-01T18:17:06","date_gmt":"2024-10-01T18:17:06","guid":{"rendered":"https:\/\/insulatorsjatc.org\/?page_id=3110"},"modified":"2024-10-14T11:59:16","modified_gmt":"2024-10-14T11:59:16","slug":"how-to-register-for-courses","status":"publish","type":"page","link":"https:\/\/insulatorsjatc.org\/es\/how-to-register-for-courses\/","title":{"rendered":"C\u00f3mo inscribirse en los cursos"},"content":{"rendered":"[et_pb_section fb_built=\u201d1\u2033 _builder_version=\u201d4.25.2\u2033 _module_preset=\u201dpredeterminado\u201d relleno_personalizado=\u201d2rem||0px||falso|falso\u201d informaci\u00f3n_global_colors=\u201d{}\u201d][et_pb_row _builder_version=\u201d4.27.0\u2033 _module_preset=\u201dpredeterminado\u201d alineaci\u00f3n_m\u00f3dulo=\u201dcentro\u201d relleno_personalizado=\u201d0px||0px||falso|falso\u201d informaci\u00f3n_global_colors=\u201d{}\u201d][et_pb_column type=\u201d4_4\u2033 _builder_version=\u201d4.25.2\u2033 _module_preset=\u201dpredeterminado\u201d informaci\u00f3n_global_colors=\u201d{}\u201d][et_pb_text ul_item_indent=\u201d10px\u201d etiqueta_admin=\u201dvi\u00f1etas\u201d _builder_version=\u201d4.27.0\u2033 _module_preset=\u201dpredeterminado\u201d link_font=\u201d|600|||||||\u201d link_text_color=\u201d#FFFFFF\u201d link_letter_spacing=\u201d1px\u201d ul_line_height=\u201d1.5em\u201d hover_enabled=\u201d0\u2033 custom_css_free_form=\u201dselector ul{|| margin-top:1rem;|| text-wrap:balance;|| display:flex;|| flex-wrap:wrap;|| margin-left:.5rem;|| margin-right:auto;|| ||}||||selector li{|| margin-bottom:.5rem;|| border-bottom:1px solid #ededed;|| padding-bottom:1rem;|| ancho:100%;||}||||selector ::marker{|| || color:#26855D;|| peso de fuente:600;|| tama\u00f1o de fuente: 24px;|| ||}||||selector strong{|| color:#082033||}||||ol li h3 {|| mostrar: bloque en l\u00ednea;||}||||||selector .et_pb_button {|| radio del borde:8px!Importante;||mostrar:flexible;|| ancho m\u00e1ximo:19rem;|| justificar contenido:centrar;||}||||selector .et_pb_button:hover{|| color de fondo:#000!Importante;|| ancho m\u00e1ximo:20rem;|| ||}||||selector .et_pb_button:hover:after||{|| posici\u00f3n:relativa;||}\u201d global_colors_info=\u201d{}\u201d sticky_enabled=\u201d0\u2033]<ol>\n<li>\n<h3><strong>Visita la p\u00e1gina de cursos de formaci\u00f3n:<\/strong><\/h3>\n<p>Seleccione un curso en la p\u00e1gina de cursos de formaci\u00f3n.<br \/><a class=\"et_pb_button\" href=\"\/es\/training-courses\/\">Visita la p\u00e1gina de cursos de formaci\u00f3n<\/a><\/p>\n<\/li>\n<li>\n<h3><strong>Llene el formulario de registro:<\/strong><\/h3>\n<p>Complete el formulario de inscripci\u00f3n con sus datos personales y selecci\u00f3n de cursos.<\/p>\n<\/li>\n<li>\n<h3><strong>Recibir n\u00famero de confirmaci\u00f3n:<\/strong><\/h3>\n<p>Despu\u00e9s de enviar el formulario, recibir\u00e1 un n\u00famero de confirmaci\u00f3n por correo electr\u00f3nico.<\/p>\n<\/li>\n<li>\n<h3><strong>Env\u00ede los materiales requeridos:<\/strong><\/h3>\n<p>Cargue cualquier documento o material necesario utilizando el portal de env\u00edo, asegur\u00e1ndose de que est\u00e9n correctamente etiquetados.<\/p>\n<\/li>\n<\/ol>[\/et_pb_text][\/et_pb_column][\/et_pb_row][et_pb_row _builder_version=\u201d4.27.0\u2033 _module_preset=\u201dpredeterminado\u201d custom_margin=\u201d||0px||false|false\u201d custom_padding=\u201d||0px||false|false\u201d global_module=\u201d3116\u2033 saved_tabs=\u201dall\u201d global_colors_info=\u201d{}\u201d][et_pb_column type=\u201d4_4\u2033 _builder_version=\u201d4.27.0\u2033 _module_preset=\u201dpredeterminado\u201d global_colors_info=\u201d{}\u201d][et_pb_text _builder_version=\u201d4.27.0\u2033 _dynamic_attributes=\u201dlink_option_url\u201d _module_preset=\u201dpredeterminado\u201d color_del_texto_del_enlace=\u201d#000000\u2033 url_de_opci\u00f3n_del_enlace=\u201d@ET-DC@eyJkeW5hbWljIjp0cnVlLCJjb250ZW50IjoicG9zdF9saW5rX3VybF9wYWdlIiwic2V0dGluZ3MiOnsicG9zdF9pZCI6IjI2MDQifX0=@\u201d informaci\u00f3n_global_de_colores=\u201d{}\u201d]<i class=\"fa-solid fa-arrow-left\"><\/i> <a href=\"\/es\/training-courses\/\">Volver a Cursos<\/a>[\/et_pb_text][\/et_pb_column][\/et_pb_row][\/et_pb_section][et_pb_section fb_built=\u201d1\u2033 _builder_version=\u201d4.25.2\u2033 _module_preset=\u201ddefault\u201d background_color=\u201d#ededed\u201d custom_padding=\u201d0px|1px|0px|||\u201d m\u00f3dulo_global=\u201d3112\u2033 pesta\u00f1as_guardadas=\u201dtodos\u201d informaci\u00f3n_global_colores=\u201d{}\u201d][et_pb_row estructura_columna=\u201d2_3,1_3\u2033 usar_medianil_personalizado=\u201dactivado\u201d ancho_medianil=\u201d2\u2033 igualar=\u201dactivado\u201d _versi\u00f3n_compilador=\u201d4.25.2\u2033 _m\u00f3dulo_preestablecido=\u201dpredeterminado\u201d color_fondo=\u201d#ededed\u201d margen_personalizado=\u201d2rem||||falso|falso\u201d relleno_personalizado=\u201d2rem||2rem||verdadero|verdadero\u201d informaci\u00f3n_global_colores=\u201d{}\u201d][et_pb_column tipo=\u201d2_3\u2033 _versi\u00f3n_compilador=\u201d4.25.2\u2033 _m\u00f3dulo_preestablecido=\u201dpredeterminado\u201d custom_css_main_element=\u201ddisplay:flex;||flex-direction:column;||justify-content:center;||margin-top:auto;||margin-bottom:auto;\u201d global_colors_info=\u201d{}\u201d][et_pb_blurb title=\u201dInformaci\u00f3n de contacto de soporte:\u201d use_icon=\u201don\u201d font_icon=\u201d\uf590||fa||900\u2033 icon_color=\u201d#26855d\u201d icon_placement=\u201dleft\u201d _builder_version=\u201d4.27.0\u2033 _module_preset=\u201ddefault\u201d header_level=\u201dh3\u2033 header_text_color=\u201d#082033\u2033 header_line_height=\u201d1.3em\u201d body_line_height=\u201d1.3em\u201d custom_margin=\u201d||||false|false\u201d custom_padding=\u201d||||false|false\u201d global_colors_info=\u201d{}\u201d]Si tiene alguna pregunta o necesita m\u00e1s ayuda, no dude en contactarnos. Estamos aqu\u00ed para ayudarle a brindarles a nuestros miembros la mejor capacitaci\u00f3n y soporte.[\/et_pb_blurb][\/et_pb_column][et_pb_column type=\u201d1_3\u2033 _builder_version=\u201d4.25.2\u2033 _module_preset=\u201ddefault\u201d custom_css_main_element=\u201ddisplay:flex;||flex-direction:column;||justify-content:center;||margin-top:auto;||margin-bottom:auto;\u201d Informaci\u00f3n global de colores = &quot;{}&quot;] [et_pb_button Texto del bot\u00f3n = &quot;Correo electr\u00f3nico: kscott@insulators.org&quot; Versi\u00f3n del constructor = &quot;4.25.2&quot; Ajuste predeterminado del m\u00f3dulo = &quot;predeterminado&quot; Bot\u00f3n personalizado = &quot;activado&quot; Color del texto del bot\u00f3n = &quot;#26855D&quot; Color del fondo del bot\u00f3n = &quot;rgba(38,133,93,0)&quot; Ancho del borde del bot\u00f3n = &quot;2px&quot; Color del borde del bot\u00f3n = &quot;#26855d&quot; Radio del borde del bot\u00f3n = &quot;10px&quot; Icono del bot\u00f3n = &quot;\uf0e0||fa||400&quot; Ubicaci\u00f3n del icono del bot\u00f3n = &quot;izquierda&quot; Bot\u00f3n al pasar el mouse = &quot;desactivado&quot; Margen personalizado = &quot;1rem|||2rem|false|false&quot; custom_margin_phone=\u201d1rem|||2rem|false|false\u201d custom_margin_last_edited=\u201don|tablet\u201d global_colors_info=\u201d{}\u201d button_bg_color__hover_enabled=\u201don|pasar\u201d button_bg_color__hover=\u201d#26855D\u201d button_bg_enable_color__hover=\u201don\u201d button_text_color__hover_enabled=\u201don|desktop\u201d button_text_color__hover=\u201d#FFFFFF\u201d][\/et_pb_button][\/et_pb_column][\/et_pb_row][\/et_pb_section]","protected":false},"excerpt":{"rendered":"<p>Visita la p\u00e1gina de Cursos de Capacitaci\u00f3n: Selecciona un curso en la p\u00e1gina de Cursos de Capacitaci\u00f3n. Visita la p\u00e1gina de Cursos de Capacitaci\u00f3n. Completa el formulario de inscripci\u00f3n: Completa el formulario de inscripci\u00f3n con tus datos personales y la selecci\u00f3n del curso. Recibe el n\u00famero de confirmaci\u00f3n: Tras enviar el formulario, recibir\u00e1s un n\u00famero de confirmaci\u00f3n por correo electr\u00f3nico. Env\u00eda los materiales necesarios: Sube los documentos necesarios o [\u2026]<\/p>","protected":false},"author":1,"featured_media":3810,"parent":0,"menu_order":0,"comment_status":"closed","ping_status":"closed","template":"","meta":{"_acf_changed":false,"_et_pb_use_builder":"on","_et_pb_old_content":"","_et_gb_content_width":"","content-type":"","inline_featured_image":false,"footnotes":""},"class_list":["post-3110","page","type-page","status-publish","has-post-thumbnail","hentry"],"acf":[],"yoast_head":"<!-- This site is optimized with the Yoast SEO plugin v25.0 - https:\/\/yoast.com\/wordpress\/plugins\/seo\/ -->\n<title>Register for Training Courses with the IIIATF<\/title>\n<meta name=\"description\" content=\"eady to enhance your skills? Register for IIIATF training courses easily by visiting our Training Courses page. Complete the registration form, receive your confirmation and submit any required materials.\" \/>\n<meta name=\"robots\" content=\"index, follow, max-snippet:-1, max-image-preview:large, max-video-preview:-1\" \/>\n<link rel=\"canonical\" href=\"https:\/\/insulatorsjatc.org\/es\/how-to-register-for-courses\/\" \/>\n<meta property=\"og:locale\" content=\"es_MX\" \/>\n<meta property=\"og:type\" content=\"article\" \/>\n<meta property=\"og:title\" content=\"Register for Training Courses with the IIIATF\" \/>\n<meta property=\"og:description\" content=\"eady to enhance your skills? Register for IIIATF training courses easily by visiting our Training Courses page. Complete the registration form, receive your confirmation and submit any required materials.\" \/>\n<meta property=\"og:url\" content=\"https:\/\/insulatorsjatc.org\/es\/wp-json\/wp\/v2\/pages\/3110\" \/>\n<meta property=\"og:site_name\" content=\"Insulators International Union Apprenticeship &amp; Training\" \/>\n<meta property=\"article:publisher\" content=\"https:\/\/www.facebook.com\/insulatorsjatc\/\" \/>\n<meta property=\"article:modified_time\" content=\"2024-10-14T11:59:16+00:00\" \/>\n<meta property=\"og:image\" content=\"https:\/\/insulatorsjatc.org\/wp-content\/uploads\/2024\/10\/IIIATF-Featured-Images-How-To-Register-scaled.jpg\" \/>\n\t<meta property=\"og:image:width\" content=\"2560\" \/>\n\t<meta property=\"og:image:height\" content=\"1340\" \/>\n\t<meta property=\"og:image:type\" content=\"image\/jpeg\" \/>\n<meta name=\"twitter:card\" content=\"summary_large_image\" \/>\n<meta name=\"twitter:site\" content=\"@InsulatorsJATC\" \/>\n<meta name=\"twitter:label1\" content=\"Tiempo de lectura\" \/>\n\t<meta name=\"twitter:data1\" content=\"1 minuto\" \/>\n<script type=\"application\/ld+json\" class=\"yoast-schema-graph\">{\"@context\":\"https:\/\/schema.org\",\"@graph\":[{\"@type\":\"WebPage\",\"@id\":\"https:\/\/insulatorsjatc.org\/how-to-register-for-courses\/\",\"url\":\"https:\/\/insulatorsjatc.org\/how-to-register-for-courses\/\",\"name\":\"Register for Training Courses with the IIIATF\",\"isPartOf\":{\"@id\":\"https:\/\/insulatorsjatc.org\/#website\"},\"primaryImageOfPage\":{\"@id\":\"https:\/\/insulatorsjatc.org\/how-to-register-for-courses\/#primaryimage\"},\"image\":{\"@id\":\"https:\/\/insulatorsjatc.org\/how-to-register-for-courses\/#primaryimage\"},\"thumbnailUrl\":\"https:\/\/insulatorsjatc.org\/wp-content\/uploads\/2024\/10\/IIIATF-Featured-Images-How-To-Register-scaled.jpg\",\"datePublished\":\"2024-10-01T18:17:06+00:00\",\"dateModified\":\"2024-10-14T11:59:16+00:00\",\"description\":\"eady to enhance your skills? Register for IIIATF training courses easily by visiting our Training Courses page. Complete the registration form, receive your confirmation and submit any required materials.\",\"breadcrumb\":{\"@id\":\"https:\/\/insulatorsjatc.org\/how-to-register-for-courses\/#breadcrumb\"},\"inLanguage\":\"es\",\"potentialAction\":[{\"@type\":\"ReadAction\",\"target\":[\"https:\/\/insulatorsjatc.org\/how-to-register-for-courses\/\"]}]},{\"@type\":\"ImageObject\",\"inLanguage\":\"es\",\"@id\":\"https:\/\/insulatorsjatc.org\/how-to-register-for-courses\/#primaryimage\",\"url\":\"https:\/\/insulatorsjatc.org\/wp-content\/uploads\/2024\/10\/IIIATF-Featured-Images-How-To-Register-scaled.jpg\",\"contentUrl\":\"https:\/\/insulatorsjatc.org\/wp-content\/uploads\/2024\/10\/IIIATF-Featured-Images-How-To-Register-scaled.jpg\",\"width\":2560,\"height\":1340,\"caption\":\"Ready to advance your skills? Register for our courses and take the next step in your training journey. #IAHFIAW #ApprenticeshipTraining\"},{\"@type\":\"BreadcrumbList\",\"@id\":\"https:\/\/insulatorsjatc.org\/how-to-register-for-courses\/#breadcrumb\",\"itemListElement\":[{\"@type\":\"ListItem\",\"position\":1,\"name\":\"Home\",\"item\":\"https:\/\/insulatorsjatc.org\/\"},{\"@type\":\"ListItem\",\"position\":2,\"name\":\"How to Register for Courses\"}]},{\"@type\":\"WebSite\",\"@id\":\"https:\/\/insulatorsjatc.org\/#website\",\"url\":\"https:\/\/insulatorsjatc.org\/\",\"name\":\"Insulators JATC\",\"description\":\"The IIIATF is is the training department for the International Insulators Union and its Signatory Contractors\",\"publisher\":{\"@id\":\"https:\/\/insulatorsjatc.org\/#organization\"},\"potentialAction\":[{\"@type\":\"SearchAction\",\"target\":{\"@type\":\"EntryPoint\",\"urlTemplate\":\"https:\/\/insulatorsjatc.org\/?s={search_term_string}\"},\"query-input\":{\"@type\":\"PropertyValueSpecification\",\"valueRequired\":true,\"valueName\":\"search_term_string\"}}],\"inLanguage\":\"es\"},{\"@type\":\"Organization\",\"@id\":\"https:\/\/insulatorsjatc.org\/#organization\",\"name\":\"IIIATF - Insulators International Union Apprenticeship & Training\",\"url\":\"https:\/\/insulatorsjatc.org\/\",\"logo\":{\"@type\":\"ImageObject\",\"inLanguage\":\"es\",\"@id\":\"https:\/\/insulatorsjatc.org\/#\/schema\/logo\/image\/\",\"url\":\"https:\/\/insulatorsjatc.org\/wp-content\/uploads\/2024\/06\/FOOTER-STACKED-1.svg\",\"contentUrl\":\"https:\/\/insulatorsjatc.org\/wp-content\/uploads\/2024\/06\/FOOTER-STACKED-1.svg\",\"width\":\"1024\",\"height\":\"1024\",\"caption\":\"IIIATF - Insulators International Union Apprenticeship & Training\"},\"image\":{\"@id\":\"https:\/\/insulatorsjatc.org\/#\/schema\/logo\/image\/\"},\"sameAs\":[\"https:\/\/www.facebook.com\/insulatorsjatc\/\",\"https:\/\/x.com\/InsulatorsJATC\",\"https:\/\/www.linkedin.com\/company\/104225070\",\"https:\/\/www.instagram.com\/insulatorjatcs\/\"]}]}<\/script>\n<!-- \/ Yoast SEO plugin. -->","yoast_head_json":{"title":"Register for Training Courses with the IIIATF","description":"eady to enhance your skills? Register for IIIATF training courses easily by visiting our Training Courses page. Complete the registration form, receive your confirmation and submit any required materials.","robots":{"index":"index","follow":"follow","max-snippet":"max-snippet:-1","max-image-preview":"max-image-preview:large","max-video-preview":"max-video-preview:-1"},"canonical":"https:\/\/insulatorsjatc.org\/es\/how-to-register-for-courses\/","og_locale":"es_MX","og_type":"article","og_title":"Register for Training Courses with the IIIATF","og_description":"eady to enhance your skills? Register for IIIATF training courses easily by visiting our Training Courses page. Complete the registration form, receive your confirmation and submit any required materials.","og_url":"https:\/\/insulatorsjatc.org\/es\/wp-json\/wp\/v2\/pages\/3110","og_site_name":"Insulators International Union Apprenticeship &amp; Training","article_publisher":"https:\/\/www.facebook.com\/insulatorsjatc\/","article_modified_time":"2024-10-14T11:59:16+00:00","og_image":[{"width":2560,"height":1340,"url":"https:\/\/insulatorsjatc.org\/wp-content\/uploads\/2024\/10\/IIIATF-Featured-Images-How-To-Register-scaled.jpg","type":"image\/jpeg"}],"twitter_card":"summary_large_image","twitter_site":"@InsulatorsJATC","twitter_misc":{"Tiempo de lectura":"1 minuto"},"schema":{"@context":"https:\/\/schema.org","@graph":[{"@type":"WebPage","@id":"https:\/\/insulatorsjatc.org\/how-to-register-for-courses\/","url":"https:\/\/insulatorsjatc.org\/how-to-register-for-courses\/","name":"Register for Training Courses with the IIIATF","isPartOf":{"@id":"https:\/\/insulatorsjatc.org\/#website"},"primaryImageOfPage":{"@id":"https:\/\/insulatorsjatc.org\/how-to-register-for-courses\/#primaryimage"},"image":{"@id":"https:\/\/insulatorsjatc.org\/how-to-register-for-courses\/#primaryimage"},"thumbnailUrl":"https:\/\/insulatorsjatc.org\/wp-content\/uploads\/2024\/10\/IIIATF-Featured-Images-How-To-Register-scaled.jpg","datePublished":"2024-10-01T18:17:06+00:00","dateModified":"2024-10-14T11:59:16+00:00","description":"eady to enhance your skills? Register for IIIATF training courses easily by visiting our Training Courses page. Complete the registration form, receive your confirmation and submit any required materials.","breadcrumb":{"@id":"https:\/\/insulatorsjatc.org\/how-to-register-for-courses\/#breadcrumb"},"inLanguage":"es","potentialAction":[{"@type":"ReadAction","target":["https:\/\/insulatorsjatc.org\/how-to-register-for-courses\/"]}]},{"@type":"ImageObject","inLanguage":"es","@id":"https:\/\/insulatorsjatc.org\/how-to-register-for-courses\/#primaryimage","url":"https:\/\/insulatorsjatc.org\/wp-content\/uploads\/2024\/10\/IIIATF-Featured-Images-How-To-Register-scaled.jpg","contentUrl":"https:\/\/insulatorsjatc.org\/wp-content\/uploads\/2024\/10\/IIIATF-Featured-Images-How-To-Register-scaled.jpg","width":2560,"height":1340,"caption":"Ready to advance your skills? Register for our courses and take the next step in your training journey. #IAHFIAW #ApprenticeshipTraining"},{"@type":"BreadcrumbList","@id":"https:\/\/insulatorsjatc.org\/how-to-register-for-courses\/#breadcrumb","itemListElement":[{"@type":"ListItem","position":1,"name":"Home","item":"https:\/\/insulatorsjatc.org\/"},{"@type":"ListItem","position":2,"name":"How to Register for Courses"}]},{"@type":"WebSite","@id":"https:\/\/insulatorsjatc.org\/#website","url":"https:\/\/insulatorsjatc.org\/","name":"Insulators JATC","description":"The IIIATF is is the training department for the International Insulators Union and its Signatory Contractors","publisher":{"@id":"https:\/\/insulatorsjatc.org\/#organization"},"potentialAction":[{"@type":"SearchAction","target":{"@type":"EntryPoint","urlTemplate":"https:\/\/insulatorsjatc.org\/?s={search_term_string}"},"query-input":{"@type":"PropertyValueSpecification","valueRequired":true,"valueName":"search_term_string"}}],"inLanguage":"es"},{"@type":"Organization","@id":"https:\/\/insulatorsjatc.org\/#organization","name":"IIIATF - Insulators International Union Apprenticeship & Training","url":"https:\/\/insulatorsjatc.org\/","logo":{"@type":"ImageObject","inLanguage":"es","@id":"https:\/\/insulatorsjatc.org\/#\/schema\/logo\/image\/","url":"https:\/\/insulatorsjatc.org\/wp-content\/uploads\/2024\/06\/FOOTER-STACKED-1.svg","contentUrl":"https:\/\/insulatorsjatc.org\/wp-content\/uploads\/2024\/06\/FOOTER-STACKED-1.svg","width":"1024","height":"1024","caption":"IIIATF - Insulators International Union Apprenticeship & Training"},"image":{"@id":"https:\/\/insulatorsjatc.org\/#\/schema\/logo\/image\/"},"sameAs":["https:\/\/www.facebook.com\/insulatorsjatc\/","https:\/\/x.com\/InsulatorsJATC","https:\/\/www.linkedin.com\/company\/104225070","https:\/\/www.instagram.com\/insulatorjatcs\/"]}]}},"_links":{"self":[{"href":"https:\/\/insulatorsjatc.org\/es\/wp-json\/wp\/v2\/pages\/3110","targetHints":{"allow":["GET"]}}],"collection":[{"href":"https:\/\/insulatorsjatc.org\/es\/wp-json\/wp\/v2\/pages"}],"about":[{"href":"https:\/\/insulatorsjatc.org\/es\/wp-json\/wp\/v2\/types\/page"}],"author":[{"embeddable":true,"href":"https:\/\/insulatorsjatc.org\/es\/wp-json\/wp\/v2\/users\/1"}],"replies":[{"embeddable":true,"href":"https:\/\/insulatorsjatc.org\/es\/wp-json\/wp\/v2\/comments?post=3110"}],"version-history":[{"count":0,"href":"https:\/\/insulatorsjatc.org\/es\/wp-json\/wp\/v2\/pages\/3110\/revisions"}],"wp:featuredmedia":[{"embeddable":true,"href":"https:\/\/insulatorsjatc.org\/es\/wp-json\/wp\/v2\/media\/3810"}],"wp:attachment":[{"href":"https:\/\/insulatorsjatc.org\/es\/wp-json\/wp\/v2\/media?parent=3110"}],"curies":[{"name":"wp","href":"https:\/\/api.w.org\/{rel}","templated":true}]}}