{"id":4929,"date":"2025-10-16T12:04:10","date_gmt":"2025-10-16T16:04:10","guid":{"rendered":"https:\/\/insulatorsjatc.org\/?page_id=4929"},"modified":"2025-10-16T12:14:46","modified_gmt":"2025-10-16T16:14:46","slug":"thank-you-resources","status":"publish","type":"page","link":"https:\/\/insulatorsjatc.org\/es\/thank-you-resources\/","title":{"rendered":"Gracias"},"content":{"rendered":"<p>[et_pb_section fb_built=&#8221;1&#8243; _builder_version=&#8221;4.27.0&#8243; _module_preset=&#8221;default&#8221; global_colors_info=&#8221;{}&#8221;][et_pb_row _builder_version=&#8221;4.27.0&#8243; _module_preset=&#8221;default&#8221; global_colors_info=&#8221;{}&#8221;][et_pb_column type=&#8221;4_4&#8243; _builder_version=&#8221;4.27.0&#8243; _module_preset=&#8221;default&#8221; global_colors_info=&#8221;{}&#8221;][et_pb_text _builder_version=&#8221;4.27.0&#8243; _module_preset=&#8221;default&#8221; hover_enabled=&#8221;0&#8243; global_colors_info=&#8221;{}&#8221; sticky_enabled=&#8221;0&#8243; module_alignment=&#8221;center&#8221;]<\/p>\n<h3>Agradecemos su inter\u00e9s en los recursos educativos que el IIIATF est\u00e1 creando para resaltar el valor del aislamiento mec\u00e1nico y las carreras gratificantes en la industria.<\/h3>\n<p>Utilizaremos el correo electr\u00f3nico que nos proporcion\u00f3 para mantenerlo actualizado sobre nuestro progreso, incluso cuando se env\u00edan materiales a las escuelas p\u00fablicas de Nueva York en la ciudad y en todo el estado.<\/p>\n<p>Si est\u00e1 interesado en obtener m\u00e1s informaci\u00f3n sobre el Fondo Internacional de Aprendizaje y Capacitaci\u00f3n de la Industria del Aislamiento (IIIATF), lo invitamos a visitar nuestro sitio web.<\/p>\n<p>[\/et_pb_text][et_pb_button button_text=&#8221;View Site&#8221; _builder_version=&#8221;4.27.0&#8243; _module_preset=&#8221;default&#8221; button_url=&#8221;https:\/\/insulatorsjatc.org\/&#8221; custom_button=&#8221;on&#8221; button_text_size=&#8221;20px&#8221; button_text_color=&#8221;#FFFFFF&#8221; button_border_width=&#8221;4px&#8221; button_border_radius=&#8221;20px&#8221; hover_enabled=&#8221;0&#8243; sticky_enabled=&#8221;0&#8243; button_alignment=&#8221;center&#8221;][\/et_pb_button][\/et_pb_column][\/et_pb_row][\/et_pb_section]<\/p>","protected":false},"excerpt":{"rendered":"<p>We appreciate your interest in the educational resources the IIIATF is creating to highlight the value of mechanical insulation and the rewarding careers in the industry. We\u2019ll use the email you provided to keep you updated on our progress, including when materials are shipped to New York public schools in the city and across the [&hellip;]<\/p>","protected":false},"author":3,"featured_media":0,"parent":0,"menu_order":0,"comment_status":"closed","ping_status":"closed","template":"","meta":{"_acf_changed":false,"_et_pb_use_builder":"on","_et_pb_old_content":"","_et_gb_content_width":"","content-type":"","inline_featured_image":false,"footnotes":""},"class_list":["post-4929","page","type-page","status-publish","hentry"],"acf":[],"yoast_head":"<!-- This site is optimized with the Yoast SEO plugin v25.0 - https:\/\/yoast.com\/wordpress\/plugins\/seo\/ -->\n<title>Thank you - Insulators International Union Apprenticeship &amp; Training<\/title>\n<meta name=\"robots\" content=\"index, follow, max-snippet:-1, max-image-preview:large, max-video-preview:-1\" \/>\n<link rel=\"canonical\" href=\"https:\/\/insulatorsjatc.org\/es\/thank-you-resources\/\" \/>\n<meta property=\"og:locale\" content=\"es_MX\" \/>\n<meta property=\"og:type\" content=\"article\" \/>\n<meta property=\"og:title\" content=\"Thank you - Insulators International Union Apprenticeship &amp; Training\" \/>\n<meta property=\"og:description\" content=\"We appreciate your interest in the educational resources the IIIATF is creating to highlight the value of mechanical insulation and the rewarding careers in the industry. We\u2019ll use the email you provided to keep you updated on our progress, including when materials are shipped to New York public schools in the city and across the [&hellip;]\" \/>\n<meta property=\"og:url\" content=\"https:\/\/insulatorsjatc.org\/es\/wp-json\/wp\/v2\/pages\/4929\" \/>\n<meta property=\"og:site_name\" content=\"Insulators International Union Apprenticeship &amp; Training\" \/>\n<meta property=\"article:publisher\" content=\"https:\/\/www.facebook.com\/insulatorsjatc\/\" \/>\n<meta property=\"article:modified_time\" content=\"2025-10-16T16:14:46+00:00\" \/>\n<meta name=\"twitter:card\" content=\"summary_large_image\" \/>\n<meta name=\"twitter:site\" content=\"@InsulatorsJATC\" \/>\n<meta name=\"twitter:label1\" content=\"Tiempo de lectura\" \/>\n\t<meta name=\"twitter:data1\" content=\"1 minuto\" \/>\n<script type=\"application\/ld+json\" class=\"yoast-schema-graph\">{\"@context\":\"https:\/\/schema.org\",\"@graph\":[{\"@type\":\"WebPage\",\"@id\":\"https:\/\/insulatorsjatc.org\/thank-you-resources\/\",\"url\":\"https:\/\/insulatorsjatc.org\/thank-you-resources\/\",\"name\":\"Thank you - Insulators International Union Apprenticeship &amp; Training\",\"isPartOf\":{\"@id\":\"https:\/\/insulatorsjatc.org\/#website\"},\"datePublished\":\"2025-10-16T16:04:10+00:00\",\"dateModified\":\"2025-10-16T16:14:46+00:00\",\"breadcrumb\":{\"@id\":\"https:\/\/insulatorsjatc.org\/thank-you-resources\/#breadcrumb\"},\"inLanguage\":\"es\",\"potentialAction\":[{\"@type\":\"ReadAction\",\"target\":[\"https:\/\/insulatorsjatc.org\/thank-you-resources\/\"]}]},{\"@type\":\"BreadcrumbList\",\"@id\":\"https:\/\/insulatorsjatc.org\/thank-you-resources\/#breadcrumb\",\"itemListElement\":[{\"@type\":\"ListItem\",\"position\":1,\"name\":\"Home\",\"item\":\"https:\/\/insulatorsjatc.org\/\"},{\"@type\":\"ListItem\",\"position\":2,\"name\":\"Thank you\"}]},{\"@type\":\"WebSite\",\"@id\":\"https:\/\/insulatorsjatc.org\/#website\",\"url\":\"https:\/\/insulatorsjatc.org\/\",\"name\":\"Insulators JATC\",\"description\":\"The IIIATF is is the training department for the International Insulators Union and its Signatory Contractors\",\"publisher\":{\"@id\":\"https:\/\/insulatorsjatc.org\/#organization\"},\"potentialAction\":[{\"@type\":\"SearchAction\",\"target\":{\"@type\":\"EntryPoint\",\"urlTemplate\":\"https:\/\/insulatorsjatc.org\/?s={search_term_string}\"},\"query-input\":{\"@type\":\"PropertyValueSpecification\",\"valueRequired\":true,\"valueName\":\"search_term_string\"}}],\"inLanguage\":\"es\"},{\"@type\":\"Organization\",\"@id\":\"https:\/\/insulatorsjatc.org\/#organization\",\"name\":\"IIIATF - Insulators International Union Apprenticeship & Training\",\"url\":\"https:\/\/insulatorsjatc.org\/\",\"logo\":{\"@type\":\"ImageObject\",\"inLanguage\":\"es\",\"@id\":\"https:\/\/insulatorsjatc.org\/#\/schema\/logo\/image\/\",\"url\":\"https:\/\/insulatorsjatc.org\/wp-content\/uploads\/2024\/06\/FOOTER-STACKED-1.svg\",\"contentUrl\":\"https:\/\/insulatorsjatc.org\/wp-content\/uploads\/2024\/06\/FOOTER-STACKED-1.svg\",\"width\":\"1024\",\"height\":\"1024\",\"caption\":\"IIIATF - Insulators International Union Apprenticeship & Training\"},\"image\":{\"@id\":\"https:\/\/insulatorsjatc.org\/#\/schema\/logo\/image\/\"},\"sameAs\":[\"https:\/\/www.facebook.com\/insulatorsjatc\/\",\"https:\/\/x.com\/InsulatorsJATC\",\"https:\/\/www.linkedin.com\/company\/104225070\",\"https:\/\/www.instagram.com\/insulatorjatcs\/\"]}]}<\/script>\n<!-- \/ Yoast SEO plugin. -->","yoast_head_json":{"title":"Thank you - Insulators International Union Apprenticeship &amp; Training","robots":{"index":"index","follow":"follow","max-snippet":"max-snippet:-1","max-image-preview":"max-image-preview:large","max-video-preview":"max-video-preview:-1"},"canonical":"https:\/\/insulatorsjatc.org\/es\/thank-you-resources\/","og_locale":"es_MX","og_type":"article","og_title":"Thank you - Insulators International Union Apprenticeship &amp; Training","og_description":"We appreciate your interest in the educational resources the IIIATF is creating to highlight the value of mechanical insulation and the rewarding careers in the industry. We\u2019ll use the email you provided to keep you updated on our progress, including when materials are shipped to New York public schools in the city and across the [&hellip;]","og_url":"https:\/\/insulatorsjatc.org\/es\/wp-json\/wp\/v2\/pages\/4929","og_site_name":"Insulators International Union Apprenticeship &amp; Training","article_publisher":"https:\/\/www.facebook.com\/insulatorsjatc\/","article_modified_time":"2025-10-16T16:14:46+00:00","twitter_card":"summary_large_image","twitter_site":"@InsulatorsJATC","twitter_misc":{"Tiempo de lectura":"1 minuto"},"schema":{"@context":"https:\/\/schema.org","@graph":[{"@type":"WebPage","@id":"https:\/\/insulatorsjatc.org\/thank-you-resources\/","url":"https:\/\/insulatorsjatc.org\/thank-you-resources\/","name":"Thank you - Insulators International Union Apprenticeship &amp; Training","isPartOf":{"@id":"https:\/\/insulatorsjatc.org\/#website"},"datePublished":"2025-10-16T16:04:10+00:00","dateModified":"2025-10-16T16:14:46+00:00","breadcrumb":{"@id":"https:\/\/insulatorsjatc.org\/thank-you-resources\/#breadcrumb"},"inLanguage":"es","potentialAction":[{"@type":"ReadAction","target":["https:\/\/insulatorsjatc.org\/thank-you-resources\/"]}]},{"@type":"BreadcrumbList","@id":"https:\/\/insulatorsjatc.org\/thank-you-resources\/#breadcrumb","itemListElement":[{"@type":"ListItem","position":1,"name":"Home","item":"https:\/\/insulatorsjatc.org\/"},{"@type":"ListItem","position":2,"name":"Thank you"}]},{"@type":"WebSite","@id":"https:\/\/insulatorsjatc.org\/#website","url":"https:\/\/insulatorsjatc.org\/","name":"Insulators JATC","description":"The IIIATF is is the training department for the International Insulators Union and its Signatory Contractors","publisher":{"@id":"https:\/\/insulatorsjatc.org\/#organization"},"potentialAction":[{"@type":"SearchAction","target":{"@type":"EntryPoint","urlTemplate":"https:\/\/insulatorsjatc.org\/?s={search_term_string}"},"query-input":{"@type":"PropertyValueSpecification","valueRequired":true,"valueName":"search_term_string"}}],"inLanguage":"es"},{"@type":"Organization","@id":"https:\/\/insulatorsjatc.org\/#organization","name":"IIIATF - Insulators International Union Apprenticeship & Training","url":"https:\/\/insulatorsjatc.org\/","logo":{"@type":"ImageObject","inLanguage":"es","@id":"https:\/\/insulatorsjatc.org\/#\/schema\/logo\/image\/","url":"https:\/\/insulatorsjatc.org\/wp-content\/uploads\/2024\/06\/FOOTER-STACKED-1.svg","contentUrl":"https:\/\/insulatorsjatc.org\/wp-content\/uploads\/2024\/06\/FOOTER-STACKED-1.svg","width":"1024","height":"1024","caption":"IIIATF - Insulators International Union Apprenticeship & Training"},"image":{"@id":"https:\/\/insulatorsjatc.org\/#\/schema\/logo\/image\/"},"sameAs":["https:\/\/www.facebook.com\/insulatorsjatc\/","https:\/\/x.com\/InsulatorsJATC","https:\/\/www.linkedin.com\/company\/104225070","https:\/\/www.instagram.com\/insulatorjatcs\/"]}]}},"_links":{"self":[{"href":"https:\/\/insulatorsjatc.org\/es\/wp-json\/wp\/v2\/pages\/4929","targetHints":{"allow":["GET"]}}],"collection":[{"href":"https:\/\/insulatorsjatc.org\/es\/wp-json\/wp\/v2\/pages"}],"about":[{"href":"https:\/\/insulatorsjatc.org\/es\/wp-json\/wp\/v2\/types\/page"}],"author":[{"embeddable":true,"href":"https:\/\/insulatorsjatc.org\/es\/wp-json\/wp\/v2\/users\/3"}],"replies":[{"embeddable":true,"href":"https:\/\/insulatorsjatc.org\/es\/wp-json\/wp\/v2\/comments?post=4929"}],"version-history":[{"count":0,"href":"https:\/\/insulatorsjatc.org\/es\/wp-json\/wp\/v2\/pages\/4929\/revisions"}],"wp:attachment":[{"href":"https:\/\/insulatorsjatc.org\/es\/wp-json\/wp\/v2\/media?parent=4929"}],"curies":[{"name":"wp","href":"https:\/\/api.w.org\/{rel}","templated":true}]}}