{"id":1793,"date":"2024-07-24T15:39:23","date_gmt":"2024-07-24T15:39:23","guid":{"rendered":"https:\/\/insulatorsjatc.org\/?page_id=1793"},"modified":"2024-10-23T20:24:51","modified_gmt":"2024-10-23T20:24:51","slug":"news-events","status":"publish","type":"page","link":"https:\/\/insulatorsjatc.org\/fr\/news-events\/","title":{"rendered":"Actualit\u00e9s et \u00e9v\u00e9nements"},"content":{"rendered":"<p>[et_pb_section fb_built=\u201d1\u2033 _builder_version=\u201d4.25.2\u2033 _module_preset=\u201ddefault\u201d custom_padding=\u201d0px|||||\u201d global_colors_info=\u201d{}\u201d][et_pb_row _builder_version=\u201d4.27.0\u2033 _module_preset=\u201ddefault\u201d global_colors_info=\u201d{}\u201d][et_pb_column type=\u201d4_4\u2033 _builder_version=\u201d4.25.2\u2033 _module_preset=\u201ddefault\u201d global_colors_info=\u201d{}\u201d][et_pb_text admin_label=\u201dBienvenue sur la page Actualit\u00e9s et \u00e9v\u00e9nements\u201d _builder_version=\u201d4.27.0\u2033 _module_preset=\u201ddefault\u201d global_colors_info=\u201d{}\u201d]<\/p>\n<p>Bienvenue sur la page Actualit\u00e9s et \u00e9v\u00e9nements du Fonds international de formation et d&#039;apprentissage de l&#039;industrie de l&#039;isolation (IIIATF).<br \/>Vous trouverez ici les derni\u00e8res mises \u00e0 jour, les annonces importantes, les informations sur les \u00e9v\u00e9nements \u00e0 venir et d&#039;autres nouvelles li\u00e9es aux \u00e9v\u00e9nements et initiatives de l&#039;IIIATF. C&#039;est l&#039;endroit id\u00e9al pour trouver des nouvelles pertinentes pour nos membres, nos apprentis et notre communaut\u00e9 syndicale.<\/p>\n<p>[\/et_pb_text][\/et_pb_column][\/et_pb_row][et_pb_row column_structure=\u201d2_3,1_3\u2033 _builder_version=\u201d4.27.0\u2033 _module_preset=\u201ddefault\u201d global_colors_info=\u201d{}\u201d][et_pb_column type=\u201d2_3\u2033 _builder_version=\u201d4.25.2\u2033 _module_preset=\u201ddefault\u201d global_colors_info=\u201d{}\u201d][et_pb_text admin_label=\u201dEn-t\u00eate des derni\u00e8res nouvelles\u201d _builder_version=\u201d4.27.0\u2033 _module_preset=\u201ddefault\u201d global_colors_info=\u201d{}\u201d]<\/p>\n<h2>Derni\u00e8res nouvelles<\/h2>\n<p>[\/et_pb_text][et_pb_post_slider posts_number=&#8221;1&#8243; include_categories=&#8221;all&#8221; show_meta=&#8221;off&#8221; admin_label=&#8221;Latest News Post&#8221; _builder_version=&#8221;4.27.0&#8243; _dynamic_attributes=&#8221;background_image,link_option_url&#8221; _module_preset=&#8221;default&#8221; header_text_align=&#8221;left&#8221; body_text_align=&#8221;left&#8221; background_enable_color=&#8221;off&#8221; background_image=&#8221;@ET-DC@eyJkeW5hbWljIjp0cnVlLCJjb250ZW50IjoicG9zdF9mZWF0dXJlZF9pbWFnZSIsInNldHRpbmdzIjp7fX0=@&#8221; custom_button=&#8221;on&#8221; button_border_radius=&#8221;8px&#8221; button_letter_spacing=&#8221;1px&#8221; button_alignment=&#8221;left&#8221; link_option_url=&#8221;@ET-DC@eyJkeW5hbWljIjp0cnVlLCJjb250ZW50IjoicG9zdF9saW5rX3VybF9wb3N0Iiwic2V0dGluZ3MiOnsicG9zdF9pZCI6IjMzODMifX0=@&#8221; custom_css_before=&#8221;background: rgb(1,77,82);||background: -moz-linear-gradient(0deg, rgba(1,77,82,1) 0%, rgba(102,148,151,1) 68%, rgba(255,255,255,0) 68%);||background: -webkit-linear-gradient(0deg, rgba(1,77,82,1) 0%, rgba(102,148,151,1) 68%, rgba(255,255,255,0) 68%);||background: linear-gradient(0deg, rgba(1,77,82,1) 0%, rgba(102,148,151,1) 68%, rgba(255,255,255,0) 68%);||filter: progid:DXImageTransform.Microsoft.gradient(startColorstr=%22#014d52%22,endColorstr=%22#ffffff%22,GradientType=1);&#8221; custom_css_free_form=&#8221;.et_pb_post_slider_0 .et_pb_slide .et_pb_slide_overlay_container {||background: rgb(7,32,51);||background: -moz-linear-gradient(25deg, rgba(7,32,51,1) 10%, rgba(9,40,57,1) 23%, rgba(41,196,169,0) 100%);||background: -webkit-linear-gradient(25deg, rgba(7,32,51,1) 10%, rgba(9,40,57,1) 23%, rgba(41,196,169,0) 100%);||background: linear-gradient(25deg, rgba(7,32,51,1) 10%, rgba(9,40,57,1) 23%, rgba(41,196,169,0) 100%);||filter: progid:DXImageTransform.Microsoft.gradient(startColorstr=%22#072033%22,endColorstr=%22#29c4a9%22,GradientType=1);||}||&#8221; custom_css_slide_description=&#8221;padding-left:.5rem;||padding-bottom:.5rem;||padding-top:15rem;||bottom:2rem;||position:relative;||display:flex;||flex-direction:column;&#8221; border_radii=&#8221;on|15px|15px|15px|15px&#8221; global_colors_info=&#8221;{}&#8221;][\/et_pb_post_slider][\/et_pb_column][et_pb_column type=&#8221;1_3&#8243; _builder_version=&#8221;4.25.2&#8243; _module_preset=&#8221;default&#8221; global_colors_info=&#8221;{}&#8221;][et_pb_text admin_label=&#8221;Recent News Header&#8221; _builder_version=&#8221;4.27.0&#8243; _module_preset=&#8221;default&#8221; global_colors_info=&#8221;{}&#8221;]<\/p>\n<h2>Actualit\u00e9s r\u00e9centes<\/h2>\n<p>[\/et_pb_text][et_pb_blog fullwidth=\u201doff\u201d posts_number=\u201d3\u2033 show_thumbnail=\u201doff\u201d use_manual_excerpt=\u201doff\u201d show_author=\u201doff\u201d show_categories=\u201doff\u201d show_excerpt=\u201doff\u201d show_pagination=\u201doff\u201d offset_number=\u201d1\u2033 admin_label=\u201dFlux de nouvelles publications r\u00e9centes\u201d _builder_version=\u201d4.27.0\u2033 _module_preset=\u201ddefault\u201d custom_css_free_form=\u201dselector .et_pb_post {|| margin-bottom:1rem!Important;|| border-radius:10px;|| border:2px solid #ededed;|| box-shadow: 0px 12px 4px -10px rgba(0, 0, 0, 0.3);||}\u201d global_colors_info=\u201d{}\u201d][\/et_pb_blog][\/et_pb_column][\/et_pb_row][et_pb_row _builder_version=\u201d4.27.0\u2033 _module_preset=\u201ddefault\u201d global_colors_info=\u201d{}\u201d][et_pb_column type=\u201d4_4\u2033 _builder_version=\u201d4.27.0\u2033 _module_preset=\u201ddefault\u201d global_colors_info=\u201d{}\u201d][et_pb_text admin_label=\u201dEn-t\u00eate de toutes les actualit\u00e9s\u201d _builder_version=\u201d4.27.0\u2033 _module_preset=\u201ddefault\u201d global_colors_info=\u201d{}\u201d]<\/p>\n<h2 style=\"text-align: center;\">Toutes les actualit\u00e9s<\/h2>\n<div id=\"gtx-trans\" style=\"position: absolute; left: -82px; top: -4.08594px;\">\n<div class=\"gtx-trans-icon\"><\/div>\n<\/div>\n<p>[\/et_pb_text][et_pb_search exclude_pages=\u201don\u201d placeholder=\u201dRechercher des actualit\u00e9s\u201d _builder_version=\u201d4.27.0\u2033 _module_preset=\u201ddefault\u201d hover_enabled=\u201d0\u2033 global_colors_info=\u201d{}\u201d sticky_enabled=\u201d0\u2033][\/et_pb_search][et_pb_blog fullwidth=\u201doff\u201d posts_number=\u201d12\u2033 include_categories=\u201dall\u201d use_manual_excerpt=\u201doff\u201d excerpt_length=\u201d0\u2033 show_more=\u201don\u201d show_author=\u201doff\u201d show_categories=\u201doff\u201d show_excerpt=\u201doff\u201d offset_number=\u201d4\u2033 admin_label=\u201dNouveau flux\u201d module_class=\u201dblog-change-pagi\u201d _builder_version=\u201d4.27.0\u2033 _module_preset=\u201ddefault\u201d custom_css_free_form=\u201dselector .et_pb_post {|| margin-bottom:1rem!Important;|| border-radius:10px;|| border:2px solid #ededed;|| box-shadow: 0px 12px 4px -10px rgba(0, 0, 0, 0.3);||}||||||||||\u201d custom_css_post_meta=\u201dmargin-bottom:1rem;\u201d custom_css_featured_image=\u201dborder-radius:10px 10px 0px 0px;||\u201d custom_css_read_more=\u201dbackground-color:#26855d;||padding:.5rem;||border-radius:8px;||color:#fff;||text-transform:uppercase;||font-weight:600;||letter-spacing:1px;\u201d global_colors_info=\u201d{}\u201d][\/et_pb_blog][\/et_pb_column][\/et_pb_row][\/et_pb_section]<\/p>","protected":false},"excerpt":{"rendered":"<p>Bienvenue sur la page Actualit\u00e9s et \u00e9v\u00e9nements du Fonds international de formation et d&#039;apprentissage de l&#039;industrie de l&#039;isolation (IIIATF). Vous y trouverez les derni\u00e8res actualit\u00e9s, des annonces importantes, des informations sur les \u00e9v\u00e9nements \u00e0 venir et d&#039;autres actualit\u00e9s li\u00e9es aux \u00e9v\u00e9nements et initiatives de l&#039;IIIATF. Vous y trouverez des informations pertinentes pour nos membres, nos apprentis et notre communaut\u00e9 syndicale. Derni\u00e8res [\u2026]<\/p>","protected":false},"author":1,"featured_media":3783,"parent":0,"menu_order":0,"comment_status":"closed","ping_status":"closed","template":"","meta":{"_acf_changed":false,"_et_pb_use_builder":"on","_et_pb_old_content":"","_et_gb_content_width":"","content-type":"","inline_featured_image":false,"footnotes":""},"class_list":["post-1793","page","type-page","status-publish","has-post-thumbnail","hentry"],"acf":[],"yoast_head":"<!-- This site is optimized with the Yoast SEO plugin v25.0 - https:\/\/yoast.com\/wordpress\/plugins\/seo\/ -->\n<title>IIIATF News &amp; Events | Latest Updates and Announcements<\/title>\n<meta name=\"description\" content=\"Stay informed with the latest news and upcoming events from the Insulation Industry International Apprentice and Training Fund. Explore important announcements and find information relevant to IIIATF members apprentices and the insulation industry community.\" \/>\n<meta name=\"robots\" content=\"index, follow, max-snippet:-1, max-image-preview:large, max-video-preview:-1\" \/>\n<link rel=\"canonical\" href=\"https:\/\/insulatorsjatc.org\/fr\/news-events\/\" \/>\n<meta property=\"og:locale\" content=\"fr_CA\" \/>\n<meta property=\"og:type\" content=\"article\" \/>\n<meta property=\"og:title\" content=\"IIIATF News &amp; Events | Latest Updates and Announcements\" \/>\n<meta property=\"og:description\" content=\"Stay informed with the latest news and upcoming events from the Insulation Industry International Apprentice and Training Fund. Explore important announcements and find information relevant to IIIATF members apprentices and the insulation industry community.\" \/>\n<meta property=\"og:url\" content=\"https:\/\/insulatorsjatc.org\/fr\/wp-json\/wp\/v2\/pages\/1793\" \/>\n<meta property=\"og:site_name\" content=\"Insulators International Union Apprenticeship &amp; Training\" \/>\n<meta property=\"article:publisher\" content=\"https:\/\/www.facebook.com\/insulatorsjatc\/\" \/>\n<meta property=\"article:modified_time\" content=\"2024-10-23T20:24:51+00:00\" \/>\n<meta property=\"og:image\" content=\"https:\/\/insulatorsjatc.org\/wp-content\/uploads\/2024\/10\/IIIATF-Featured-Images-News-Feed-scaled.jpg\" \/>\n\t<meta property=\"og:image:width\" content=\"2560\" \/>\n\t<meta property=\"og:image:height\" content=\"1340\" \/>\n\t<meta property=\"og:image:type\" content=\"image\/jpeg\" \/>\n<meta name=\"twitter:card\" content=\"summary_large_image\" \/>\n<meta name=\"twitter:site\" content=\"@InsulatorsJATC\" \/>\n<meta name=\"twitter:label1\" content=\"Estimation du temps de lecture\" \/>\n\t<meta name=\"twitter:data1\" content=\"5 minutes\" \/>\n<script type=\"application\/ld+json\" class=\"yoast-schema-graph\">{\"@context\":\"https:\/\/schema.org\",\"@graph\":[{\"@type\":\"WebPage\",\"@id\":\"https:\/\/insulatorsjatc.org\/news-events\/\",\"url\":\"https:\/\/insulatorsjatc.org\/news-events\/\",\"name\":\"IIIATF News & Events | Latest Updates and Announcements\",\"isPartOf\":{\"@id\":\"https:\/\/insulatorsjatc.org\/#website\"},\"primaryImageOfPage\":{\"@id\":\"https:\/\/insulatorsjatc.org\/news-events\/#primaryimage\"},\"image\":{\"@id\":\"https:\/\/insulatorsjatc.org\/news-events\/#primaryimage\"},\"thumbnailUrl\":\"https:\/\/insulatorsjatc.org\/wp-content\/uploads\/2024\/10\/IIIATF-Featured-Images-News-Feed-scaled.jpg\",\"datePublished\":\"2024-07-24T15:39:23+00:00\",\"dateModified\":\"2024-10-23T20:24:51+00:00\",\"description\":\"Stay informed with the latest news and upcoming events from the Insulation Industry International Apprentice and Training Fund. Explore important announcements and find information relevant to IIIATF members apprentices and the insulation industry community.\",\"breadcrumb\":{\"@id\":\"https:\/\/insulatorsjatc.org\/news-events\/#breadcrumb\"},\"inLanguage\":\"fr-CA\",\"potentialAction\":[{\"@type\":\"ReadAction\",\"target\":[\"https:\/\/insulatorsjatc.org\/news-events\/\"]}]},{\"@type\":\"ImageObject\",\"inLanguage\":\"fr-CA\",\"@id\":\"https:\/\/insulatorsjatc.org\/news-events\/#primaryimage\",\"url\":\"https:\/\/insulatorsjatc.org\/wp-content\/uploads\/2024\/10\/IIIATF-Featured-Images-News-Feed-scaled.jpg\",\"contentUrl\":\"https:\/\/insulatorsjatc.org\/wp-content\/uploads\/2024\/10\/IIIATF-Featured-Images-News-Feed-scaled.jpg\",\"width\":2560,\"height\":1340,\"caption\":\"Stay Informed with the Latest News and Events from the Insulation Industry.\\\"\"},{\"@type\":\"BreadcrumbList\",\"@id\":\"https:\/\/insulatorsjatc.org\/news-events\/#breadcrumb\",\"itemListElement\":[{\"@type\":\"ListItem\",\"position\":1,\"name\":\"Home\",\"item\":\"https:\/\/insulatorsjatc.org\/\"},{\"@type\":\"ListItem\",\"position\":2,\"name\":\"News &amp; Events\"}]},{\"@type\":\"WebSite\",\"@id\":\"https:\/\/insulatorsjatc.org\/#website\",\"url\":\"https:\/\/insulatorsjatc.org\/\",\"name\":\"Insulators JATC\",\"description\":\"The IIIATF is is the training department for the International Insulators Union and its Signatory Contractors\",\"publisher\":{\"@id\":\"https:\/\/insulatorsjatc.org\/#organization\"},\"potentialAction\":[{\"@type\":\"SearchAction\",\"target\":{\"@type\":\"EntryPoint\",\"urlTemplate\":\"https:\/\/insulatorsjatc.org\/?s={search_term_string}\"},\"query-input\":{\"@type\":\"PropertyValueSpecification\",\"valueRequired\":true,\"valueName\":\"search_term_string\"}}],\"inLanguage\":\"fr-CA\"},{\"@type\":\"Organization\",\"@id\":\"https:\/\/insulatorsjatc.org\/#organization\",\"name\":\"IIIATF - Insulators International Union Apprenticeship & Training\",\"url\":\"https:\/\/insulatorsjatc.org\/\",\"logo\":{\"@type\":\"ImageObject\",\"inLanguage\":\"fr-CA\",\"@id\":\"https:\/\/insulatorsjatc.org\/#\/schema\/logo\/image\/\",\"url\":\"https:\/\/insulatorsjatc.org\/wp-content\/uploads\/2024\/06\/FOOTER-STACKED-1.svg\",\"contentUrl\":\"https:\/\/insulatorsjatc.org\/wp-content\/uploads\/2024\/06\/FOOTER-STACKED-1.svg\",\"width\":\"1024\",\"height\":\"1024\",\"caption\":\"IIIATF - Insulators International Union Apprenticeship & Training\"},\"image\":{\"@id\":\"https:\/\/insulatorsjatc.org\/#\/schema\/logo\/image\/\"},\"sameAs\":[\"https:\/\/www.facebook.com\/insulatorsjatc\/\",\"https:\/\/x.com\/InsulatorsJATC\",\"https:\/\/www.linkedin.com\/company\/104225070\",\"https:\/\/www.instagram.com\/insulatorjatcs\/\"]}]}<\/script>\n<!-- \/ Yoast SEO plugin. -->","yoast_head_json":{"title":"IIIATF News & Events | Latest Updates and Announcements","description":"Stay informed with the latest news and upcoming events from the Insulation Industry International Apprentice and Training Fund. Explore important announcements and find information relevant to IIIATF members apprentices and the insulation industry community.","robots":{"index":"index","follow":"follow","max-snippet":"max-snippet:-1","max-image-preview":"max-image-preview:large","max-video-preview":"max-video-preview:-1"},"canonical":"https:\/\/insulatorsjatc.org\/fr\/news-events\/","og_locale":"fr_CA","og_type":"article","og_title":"IIIATF News & Events | Latest Updates and Announcements","og_description":"Stay informed with the latest news and upcoming events from the Insulation Industry International Apprentice and Training Fund. Explore important announcements and find information relevant to IIIATF members apprentices and the insulation industry community.","og_url":"https:\/\/insulatorsjatc.org\/fr\/wp-json\/wp\/v2\/pages\/1793","og_site_name":"Insulators International Union Apprenticeship &amp; Training","article_publisher":"https:\/\/www.facebook.com\/insulatorsjatc\/","article_modified_time":"2024-10-23T20:24:51+00:00","og_image":[{"width":2560,"height":1340,"url":"https:\/\/insulatorsjatc.org\/wp-content\/uploads\/2024\/10\/IIIATF-Featured-Images-News-Feed-scaled.jpg","type":"image\/jpeg"}],"twitter_card":"summary_large_image","twitter_site":"@InsulatorsJATC","twitter_misc":{"Estimation du temps de lecture":"5 minutes"},"schema":{"@context":"https:\/\/schema.org","@graph":[{"@type":"WebPage","@id":"https:\/\/insulatorsjatc.org\/news-events\/","url":"https:\/\/insulatorsjatc.org\/news-events\/","name":"IIIATF News & Events | Latest Updates and Announcements","isPartOf":{"@id":"https:\/\/insulatorsjatc.org\/#website"},"primaryImageOfPage":{"@id":"https:\/\/insulatorsjatc.org\/news-events\/#primaryimage"},"image":{"@id":"https:\/\/insulatorsjatc.org\/news-events\/#primaryimage"},"thumbnailUrl":"https:\/\/insulatorsjatc.org\/wp-content\/uploads\/2024\/10\/IIIATF-Featured-Images-News-Feed-scaled.jpg","datePublished":"2024-07-24T15:39:23+00:00","dateModified":"2024-10-23T20:24:51+00:00","description":"Stay informed with the latest news and upcoming events from the Insulation Industry International Apprentice and Training Fund. Explore important announcements and find information relevant to IIIATF members apprentices and the insulation industry community.","breadcrumb":{"@id":"https:\/\/insulatorsjatc.org\/news-events\/#breadcrumb"},"inLanguage":"fr-CA","potentialAction":[{"@type":"ReadAction","target":["https:\/\/insulatorsjatc.org\/news-events\/"]}]},{"@type":"ImageObject","inLanguage":"fr-CA","@id":"https:\/\/insulatorsjatc.org\/news-events\/#primaryimage","url":"https:\/\/insulatorsjatc.org\/wp-content\/uploads\/2024\/10\/IIIATF-Featured-Images-News-Feed-scaled.jpg","contentUrl":"https:\/\/insulatorsjatc.org\/wp-content\/uploads\/2024\/10\/IIIATF-Featured-Images-News-Feed-scaled.jpg","width":2560,"height":1340,"caption":"Stay Informed with the Latest News and Events from the Insulation Industry.\""},{"@type":"BreadcrumbList","@id":"https:\/\/insulatorsjatc.org\/news-events\/#breadcrumb","itemListElement":[{"@type":"ListItem","position":1,"name":"Home","item":"https:\/\/insulatorsjatc.org\/"},{"@type":"ListItem","position":2,"name":"News &amp; Events"}]},{"@type":"WebSite","@id":"https:\/\/insulatorsjatc.org\/#website","url":"https:\/\/insulatorsjatc.org\/","name":"Insulators JATC","description":"The IIIATF is is the training department for the International Insulators Union and its Signatory Contractors","publisher":{"@id":"https:\/\/insulatorsjatc.org\/#organization"},"potentialAction":[{"@type":"SearchAction","target":{"@type":"EntryPoint","urlTemplate":"https:\/\/insulatorsjatc.org\/?s={search_term_string}"},"query-input":{"@type":"PropertyValueSpecification","valueRequired":true,"valueName":"search_term_string"}}],"inLanguage":"fr-CA"},{"@type":"Organization","@id":"https:\/\/insulatorsjatc.org\/#organization","name":"IIIATF - Insulators International Union Apprenticeship & Training","url":"https:\/\/insulatorsjatc.org\/","logo":{"@type":"ImageObject","inLanguage":"fr-CA","@id":"https:\/\/insulatorsjatc.org\/#\/schema\/logo\/image\/","url":"https:\/\/insulatorsjatc.org\/wp-content\/uploads\/2024\/06\/FOOTER-STACKED-1.svg","contentUrl":"https:\/\/insulatorsjatc.org\/wp-content\/uploads\/2024\/06\/FOOTER-STACKED-1.svg","width":"1024","height":"1024","caption":"IIIATF - Insulators International Union Apprenticeship & Training"},"image":{"@id":"https:\/\/insulatorsjatc.org\/#\/schema\/logo\/image\/"},"sameAs":["https:\/\/www.facebook.com\/insulatorsjatc\/","https:\/\/x.com\/InsulatorsJATC","https:\/\/www.linkedin.com\/company\/104225070","https:\/\/www.instagram.com\/insulatorjatcs\/"]}]}},"_links":{"self":[{"href":"https:\/\/insulatorsjatc.org\/fr\/wp-json\/wp\/v2\/pages\/1793","targetHints":{"allow":["GET"]}}],"collection":[{"href":"https:\/\/insulatorsjatc.org\/fr\/wp-json\/wp\/v2\/pages"}],"about":[{"href":"https:\/\/insulatorsjatc.org\/fr\/wp-json\/wp\/v2\/types\/page"}],"author":[{"embeddable":true,"href":"https:\/\/insulatorsjatc.org\/fr\/wp-json\/wp\/v2\/users\/1"}],"replies":[{"embeddable":true,"href":"https:\/\/insulatorsjatc.org\/fr\/wp-json\/wp\/v2\/comments?post=1793"}],"version-history":[{"count":0,"href":"https:\/\/insulatorsjatc.org\/fr\/wp-json\/wp\/v2\/pages\/1793\/revisions"}],"wp:featuredmedia":[{"embeddable":true,"href":"https:\/\/insulatorsjatc.org\/fr\/wp-json\/wp\/v2\/media\/3783"}],"wp:attachment":[{"href":"https:\/\/insulatorsjatc.org\/fr\/wp-json\/wp\/v2\/media?parent=1793"}],"curies":[{"name":"wp","href":"https:\/\/api.w.org\/{rel}","templated":true}]}}